{"id":1865,"date":"2016-10-07T00:15:07","date_gmt":"2016-10-07T00:15:07","guid":{"rendered":"http:\/\/home.lasthuis.com\/?page_id=1865"},"modified":"2016-11-12T17:03:00","modified_gmt":"2016-11-12T17:03:00","slug":"australie","status":"publish","type":"page","link":"https:\/\/home.lasthuis.com\/?page_id=1865","title":{"rendered":"Australi\u00eb"},"content":{"rendered":"<p><strong>Australi\u00eb<\/strong><\/p>\n<ul>\n<li><a href=\"http:\/\/home.lasthuis.com\/?page_id=1873\">Australi\u00eb (Dag 57) &#8211; Welkom in Sydney<\/a><\/li>\n<li><a href=\"http:\/\/home.lasthuis.com\/?page_id=1992\">Australi\u00eb (Dag 58+++) &#8211; QUICKY: Uit het Australische bos<\/a><\/li>\n<li><a href=\"http:\/\/home.lasthuis.com\/?page_id=2019\">Australi\u00eb (Dag 58, 59 en 60) &#8211; Sydney verkennen&#8230;<\/a><\/li>\n<li><a href=\"http:\/\/home.lasthuis.com\/?page_id=2229\">Australi\u00eb (Dag 61, 62, 63 en 64) &#8211; Blue Mountains<\/a><\/li>\n<li><a href=\"http:\/\/home.lasthuis.com\/?page_id=2253\">Australi\u00eb (Dag 65 en 66) &#8211; Daar aan die kust&#8230;<\/a><\/li>\n<li><a href=\"http:\/\/home.lasthuis.com\/?page_id=2267\">Australi\u00eb (Dag 67) &#8211; Een dagje death road&#8230;<\/a><\/li>\n<li><a href=\"http:\/\/home.lasthuis.com\/?page_id=2273\">Australi\u00eb (Dag 68 en 69) &#8211; Canberra (de hoofdstad van Australi\u00eb)<\/a><\/li>\n<li><a href=\"http:\/\/home.lasthuis.com\/?page_id=2307\">Australi\u00eb (Dag 70) &#8211; Vanaf vandaag zijn we weer kampeerders<\/a><\/li>\n<li><a href=\"http:\/\/home.lasthuis.com\/?page_id=2329\">Australi\u00eb (Dag 71) &#8211; Goede morgen in de camper<\/a><\/li>\n<li><a href=\"http:\/\/home.lasthuis.com\/?page_id=2329\">Australi\u00eb (Dag 72) &#8211; Koala knuffelen (op Magnetic Island)<\/a><\/li>\n<li><a href=\"http:\/\/home.lasthuis.com\/?page_id=2385\">Australi\u00eb (Dag 73 en 74) &#8211; We are on a road to&#8230;<\/a><\/li>\n<li><a href=\"http:\/\/home.lasthuis.com\/?page_id=2442\">Australi\u00eb (Dag 75) &#8211; Een extra nachtje in Mount Isa<\/a><\/li>\n<li><a href=\"http:\/\/home.lasthuis.com\/?page_id=2453\">Australi\u00eb (Dag 76) &#8211; School of the air<\/a><\/li>\n<li><a href=\"http:\/\/home.lasthuis.com\/?page_id=2471\">Australi\u00eb (Dag 77 en 78) &#8211; Het leven in de outback&#8230;<\/a><\/li>\n<li><a href=\"http:\/\/home.lasthuis.com\/?page_id=2658\">Australi\u00eb (Dag 79) &#8211; Alice Springs naar Uluru<\/a><\/li>\n<li><a href=\"http:\/\/home.lasthuis.com\/?page_id=2662\">Australi\u00eb (Dag 80) &#8211; Uluru en Kata Tjuta en 45 graden celsius<\/a><\/li>\n<li><a href=\"http:\/\/home.lasthuis.com\/?page_id=2703\">Australi\u00eb (Dag 81 en 82) &#8211; Kort op bezoek bij de koning<\/a><\/li>\n<li><a href=\"http:\/\/home.lasthuis.com\/?page_id=2837\">Australie (Dag 83 en 84) &#8211; Amusement in Alice Springs<\/a><\/li>\n<li><a href=\"http:\/\/home.lasthuis.com\/?page_id=2873\">Australi\u00eb (Dag 85 en 86) &#8211; West Mac Donnald Range<\/a><\/li>\n<li><a href=\"http:\/\/home.lasthuis.com\/?page_id=2890\">Australi\u00eb (Dag 87) &#8211; Doei, doei camper&#8230;<\/a><\/li>\n<li><a href=\"http:\/\/home.lasthuis.com\/?page_id=2896\">Australi\u00eb (Dag 88) &#8211; Rustig dagje in Cairns&#8230;<\/a><\/li>\n<li><a href=\"http:\/\/home.lasthuis.com\/?page_id=2916\">Australi\u00eb (Dag 89) &#8211; The Great Barrier Reef<\/a><\/li>\n<li><a href=\"http:\/\/home.lasthuis.com\/?page_id=2909\">Australi\u00eb (Dag 90) &#8211; Karunda Scenic Railway<\/a><\/li>\n<li><a href=\"http:\/\/home.lasthuis.com\/?page_id=3005\">Australi\u00eb, Hong Kong, Nederland (Dag 91, 92 en 93) &#8211; Onderweg naar huis<\/a><\/li>\n<\/ul>\n","protected":false},"excerpt":{"rendered":"<p>Australi\u00eb Australi\u00eb (Dag 57) &#8211; Welkom in Sydney Australi\u00eb (Dag 58+++) &#8211; QUICKY: Uit het Australische bos Australi\u00eb (Dag 58, 59 en 60) &#8211; Sydney verkennen&#8230; Australi\u00eb (Dag 61, 62, 63 en 64) &#8211; Blue Mountains Australi\u00eb (Dag 65 en 66) &#8211; Daar aan die kust&#8230; Australi\u00eb (Dag 67) &#8211; Een dagje death road&#8230; Australi\u00eb &hellip; <a href=\"https:\/\/home.lasthuis.com\/?page_id=1865\" class=\"more-link\">Continue reading <span class=\"screen-reader-text\">Australi\u00eb<\/span> <span class=\"meta-nav\">&rarr;<\/span><\/a><\/p>\n","protected":false},"author":2,"featured_media":1868,"parent":27,"menu_order":8,"comment_status":"closed","ping_status":"closed","template":"","meta":{"footnotes":""},"class_list":["post-1865","page","type-page","status-publish","has-post-thumbnail","hentry"],"_links":{"self":[{"href":"https:\/\/home.lasthuis.com\/index.php?rest_route=\/wp\/v2\/pages\/1865","targetHints":{"allow":["GET"]}}],"collection":[{"href":"https:\/\/home.lasthuis.com\/index.php?rest_route=\/wp\/v2\/pages"}],"about":[{"href":"https:\/\/home.lasthuis.com\/index.php?rest_route=\/wp\/v2\/types\/page"}],"author":[{"embeddable":true,"href":"https:\/\/home.lasthuis.com\/index.php?rest_route=\/wp\/v2\/users\/2"}],"replies":[{"embeddable":true,"href":"https:\/\/home.lasthuis.com\/index.php?rest_route=%2Fwp%2Fv2%2Fcomments&post=1865"}],"version-history":[{"count":33,"href":"https:\/\/home.lasthuis.com\/index.php?rest_route=\/wp\/v2\/pages\/1865\/revisions"}],"predecessor-version":[{"id":3033,"href":"https:\/\/home.lasthuis.com\/index.php?rest_route=\/wp\/v2\/pages\/1865\/revisions\/3033"}],"up":[{"embeddable":true,"href":"https:\/\/home.lasthuis.com\/index.php?rest_route=\/wp\/v2\/pages\/27"}],"wp:featuredmedia":[{"embeddable":true,"href":"https:\/\/home.lasthuis.com\/index.php?rest_route=\/wp\/v2\/media\/1868"}],"wp:attachment":[{"href":"https:\/\/home.lasthuis.com\/index.php?rest_route=%2Fwp%2Fv2%2Fmedia&parent=1865"}],"curies":[{"name":"wp","href":"https:\/\/api.w.org\/{rel}","templated":true}]}}